{"id":8595,"date":"2021-09-15T15:22:10","date_gmt":"2021-09-15T15:22:10","guid":{"rendered":"https:\/\/www.ikaros.it\/condizioni-di-vendita\/"},"modified":"2023-07-24T13:38:07","modified_gmt":"2023-07-24T13:38:07","slug":"condizioni-di-vendita","status":"publish","type":"page","link":"https:\/\/www.ikaros.it\/el\/condizioni-di-vendita\/","title":{"rendered":"Condizioni di Vendita"},"content":{"rendered":"<div class=\"fusion-fullwidth fullwidth-box fusion-builder-row-1 fusion-flex-container nonhundred-percent-fullwidth non-hundred-percent-height-scrolling\" style=\"--awb-border-radius-top-left:0px;--awb-border-radius-top-right:0px;--awb-border-radius-bottom-right:0px;--awb-border-radius-bottom-left:0px;--awb-flex-wrap:wrap;\" ><div class=\"fusion-builder-row fusion-row fusion-flex-align-items-flex-start fusion-flex-content-wrap\" style=\"max-width:2016px;margin-left: calc(-5% \/ 2 );margin-right: calc(-5% \/ 2 );\"><div class=\"fusion-layout-column fusion_builder_column fusion-builder-column-0 fusion_builder_column_1_1 1_1 fusion-flex-column\" style=\"--awb-bg-size:cover;--awb-width-large:100%;--awb-margin-top-large:0px;--awb-spacing-right-large:2.375%;--awb-margin-bottom-large:20px;--awb-spacing-left-large:2.375%;--awb-width-medium:100%;--awb-order-medium:0;--awb-spacing-right-medium:2.375%;--awb-spacing-left-medium:2.375%;--awb-width-small:100%;--awb-order-small:0;--awb-spacing-right-small:2.375%;--awb-spacing-left-small:2.375%;\"><div class=\"fusion-column-wrapper fusion-column-has-shadow fusion-flex-justify-content-flex-start fusion-content-layout-column\"><div class=\"fusion-text fusion-text-1\"><h1>CONDIZIONI GENERALI DI VENDITA<\/h1>\n<h2>1.OGGETTO<\/h2>\n<p>Le presenti condizioni generali di vendita hanno per oggetto la definizione dei termini e delle condizioni applicabili a tutti i rapporti commerciali fra Ikaros S.r.l. e l&#8217;acquirente sia in Italia sia all\u2019estero; prevalgono su eventuali condizioni di acquisto del cliente e si ritengono accettate integralmente con l\u2019invio di un ordine da parte del cliente.<\/p>\n<p><strong>1.a <\/strong>Eventuali modifiche o condizioni particolari relative a singole forniture dovranno essere espressamente concordate tra le parti per iscritto e prevarranno sulle presenti condizioni generali di vendita.<\/p>\n<h2>2.FORMAZIONE DEL CONTRATTO<\/h2>\n<p><strong>2.a Validit\u00e0 dell\u2019offerta:<\/strong>\u00a0I prezzi rimangono validi solo per ordini ricevuti entro i termini indicati nella specifica offerta; oltre tali termini gli ordini potranno essere evasi solo previo accordo ed eventuale revisione dell\u2019offerta.<\/p>\n<p><strong>2.b Ordini d\u2019acquisto e conferma d\u2019ordine:<\/strong>\u00a0Gli ordini ricevuti sono soggetti all\u2019approvazione di Ikaros S.r.l., che avverr\u00e0 mediante invio al cliente di una conferma d\u2019ordine via fax o mail.<\/p>\n<p><strong>2.c Annullamento dell\u2019ordine:<\/strong>\u00a0Se non diversamente regolato ai sensi dell&#8217;articolo 1.a, l\u2019annullamento dell\u2019ordine da parte del cliente potr\u00e0 aver luogo esclusivamente sulla base del reciproco accordo e del riconoscimento da parte del cliente del diritto di Ikaros S.r.l. all\u2019eventuale rimborso delle spese gi\u00e0 sostenute, salvo risarcimento del maggior danno.<\/p>\n<h2>3.PRODOTTI<\/h2>\n<p><strong>3.a Documentazione:<\/strong>\u00a0Ikaros S.r.l. si impegna a fornire la documentazione indicata nelle condizioni particolari indicate nell&#8217;offerta. La consegna di ulteriori documenti e certificati deve essere preventivamente concordata tra le parti.<\/p>\n<p><strong>3.b Informazioni tecniche di prodotto:<\/strong>\u00a0Le informazioni tecniche relative ai prodotti commercializzati da Ikaros S.r.l. si basano esclusivamente sui dati forniti dai relativi produttori e potranno essere variate anche senza preavviso alcuno, secondo quanto verr\u00e0 comunicato dai produttori medesimi ed, in ogni caso, nel totale rispetto delle leggi in vigore in tema di sicurezza.<\/p>\n<h2>4.PREZZI<\/h2>\n<p>Salvo diverse condizioni particolari, i prezzi sono espressi al netto di tasse, imposte, spese di trasporto e in generale di tutte le spese e commissioni non esplicitate nella conferma d\u2019ordine, quali per esempio imballaggi speciali, etichettature dei prodotti, permessi, dichiarazioni doganali e registrazioni.<\/p>\n<h2>5.CONSEGNA, RESA E TRASPORTO<\/h2>\n<p><strong>5.a Condizioni di consegna:<\/strong>\u00a0Il termine di consegna indicato nella conferma d\u2019ordine ha carattere puramente indicativo. Se indicato in giorni, sono esclusi dal computo i giorni festivi.<\/p>\n<p>Ikaros S.r.l. far\u00e0 tutto quanto in suo potere per consegnare i prodotti entro i termini concordati ma, salvo il caso di dolo o colpa grave, Ikaros S.r.l. non sar\u00e0 tenuta a risarcire i danni direttamente o indirettamente causati dalla ritardata consegna dei prodotti.<\/p>\n<p>Nel caso di richiesta di modifiche da parte del cliente, che sia accettata da Ikaros S.r.l., il termine di consegna potr\u00e0 essere prorogato, per effetto degli oneri ulteriori a ci\u00f2 conseguenti, nella misura concordata tra le parti.<\/p>\n<p><strong>5.b Resa: <\/strong>Salvo diverse condizioni particolari, la merce si intende resa franco magazzino Ikaros S.r.l. e viaggia a rischio e pericolo dell&#8217;acquirente. Ikaros S.r.l. dar\u00e0 comunicazione di merce pronta via fax o e-mail.<br \/>\nDecorsi 10 giorni dalla comunicazione, si applicheranno i costi di stoccaggio di cui al successivo punto 6.<\/p>\n<p><strong>5.c Trasporto:<\/strong>\u00a0Chi organizza il trasporto (sia esso il cliente o Ikaros S.r.l., secondo quanto stabilito fra le parti) si fa carico dei rischi dello stesso e della responsabilit\u00e0 della conformit\u00e0 dei mezzi utilizzati alle disposizioni di legge.<\/p>\n<p>Nel caso di resa franco magazzino Ikaros S.r.l., il cliente o il corriere da lui incaricato deve verificare, prima del ritiro, l\u2019integrit\u00e0 e il numero dei colli ricevuti.<\/p>\n<p>Lo scarico della merce dal mezzo \u00e8 a cura e spese del cliente, che si impegna ad utilizzare mezzi meccanici adeguati. Il cliente all&#8217;arrivo della merce, subito dopo lo scarico ed alla presenza del trasportatore dovr\u00e0 verificare l&#8217;integrit\u00e0 e il numero dei colli. In caso di anomalia dovr\u00e0 firmare il documento di trasporto &#8220;con riserva di controllo&#8221; evidenziandone il motivo (es. collo fortemente danneggiato o collo mancante) e dovr\u00e0 contestare l\u2019anomalia al vettore. In difetto, nessuna richiesta di risarcimento per eventuali vizi della merce potr\u00e0 essere avanzata.<\/p>\n<h2>6.PAGAMENTO<\/h2>\n<p><strong>6.a<\/strong> <strong>Termini di pagamento:<\/strong>\u00a0I pagamenti devono essere effettuati alla scadenza e con le modalit\u00e0 stabilite nella conferma d&#8217;ordine.<\/p>\n<p>Per pagamenti a mezzo bonifico bancario anticipato o a merce pronta, il cliente si impegna ad effettuare il bonifico entro 15 giorni dalla ricezione della fattura proforma o dall\u2019avvenuta comunicazione di &#8220;merce pronta&#8221;\u00a0 e a darne prova con copia timbrata dalla banca. In caso contrario la fornitura dei materiali sar\u00e0 sospesa e le condizioni dovranno essere nuovamente concordate tra le parti.<\/p>\n<p>In caso di ritardo nel pagamento delle fatture oltre i termini concordati, verranno applicati gli interessi moratori previsti\u00a0 dal D.lgs. 231\/02; Ikaros S.r.l. potr\u00e0 sospendere o annullare eventuali forniture e intraprendere le azioni opportune per la riscossione del credito.<\/p>\n<p>In caso di pagamento dilazionato, il mancato pagamento anche di una sola rata nei termini stabiliti consentir\u00e0 al venditore di dichiarare la decadenza del compratore dal beneficio del termine (ex art. 1186 cod.civ.)<\/p>\n<p>L&#8217;obbligo di integrale pagamento permane anche qualora l\u2019acquirente rifiuti di ricevere la merce dal vettore ovvero non provveda al ritiro della stessa presso il magazzino di Ikaros S.r.l. nei termini concordati. In tal caso verr\u00e0 applicato un costo di stoccaggio e conservazione dei prodotti pari a 3 \u20ac a pallet al giorno, oltre al risarcimento del maggior danno.<\/p>\n<p><strong>6.b Propriet\u00e0 della merce:<\/strong>\u00a0Ikaros S.r.l. resta proprietaria della merce fino al completo pagamento della stessa da parte del cliente.<\/p>\n<h2>7.GARANZIA<\/h2>\n<p>Ikaros s.r.l. trasferisce al cliente ogni garanzia del prodotto ricevuta dal produttore. La garanzia si applica laddove Ikaros S.r.l. difetti di produzione o assemblaggio attribuibili alla stessa Ikaros S.r.l. o ai suoi fornitori. La garanzia decade nei seguenti casi: danni causati durante il trasporto organizzato dal cliente; uso negligente o improprio dei prodotti; inosservanza delle istruzioni relative a funzionamento, manutenzione e conservazione dei prodotti; riparazioni o modifiche apportate dal cliente o da soggetti terzi senza la previa autorizzazione scritta di Ikaros S.r.l.; utilizzo in caso di vizi palesi. In caso di difetti di produzione o assemblaggio accertati, Ikaros S.r.l. si impegner\u00e0, a sua discrezione, a sostituire o riparare il prodotto o le parti di questo che presentino vizi o difetti, nelle modalit\u00e0 e nei luoghi ritenuti maggiormente idonei e funzionali, in accordo con le esigenze del Cliente. In ogni caso, Ikaros S.r.l. non sar\u00e0 ritenuta responsabile per danni indiretti o consequenziali di qualsiasi natura quali, a titolo esemplificativo, le perdite derivanti dall\u2019inattivit\u00e0 del cliente o il mancato guadagno.<\/p>\n<h2>8.RESI E RECLAMI<\/h2>\n<p>Eventuali reclami relativi all\u2019integrit\u00e0 e alla quantit\u00e0 dei colli saranno ammessi solo nel caso in cui Ikaros S.r.l. abbia organizzato il trasporto e salvo il rispetto delle condizioni di cui al punto 5.<\/p>\n<p>Eventuali reclami relativi alle caratteristiche dei prodotti dovranno essere notificati a Ikaros S.r.l. per iscritto, a pena di decadenza, entro 8 (otto) giorni dal ricevimento della merce, se visibili, e dalla scoperta del vizio, se manifestato successivamente.<\/p>\n<p>I prodotti contestati dovranno essere lasciati a disposizione per\u00a0 eventuali verifiche peritali per un periodo congruo alla verifica.<\/p>\n<p>La restituzione della merce deve essere preventivamente autorizzata da Ikaros S.r.l., che si impegna a ritirarla a proprie spese.<\/p>\n<h2>9.RESPONSABILIT\u00c0 DEL CLIENTE<\/h2>\n<p>Per i recipienti, propri o di terzi, affidati dal cliente a Ikaros S.r.l. per essere riempiti, il cliente \u00e8 responsabile della conformit\u00e0 degli stessi alle prescrizioni di legge e di sicurezza nonch\u00e9 dell\u2019assenza in tali recipienti di sostanze pericolose o che possono diventare tali a contatto con il gas di riempimento. Ikaros S.r.l. pu\u00f2 rifiutare il riempimento di recipienti di propriet\u00e0 del cliente o di terzi, quando emergano elementi di dubbio sulla loro idoneit\u00e0. <strong>\u00a0<\/strong><\/p>\n<h2>10.RISERVATEZZA E TUTELA DEI DATI PERSONALI<\/h2>\n<p>Il trattamento dei dati personali sar\u00e0 improntato a liceit\u00e0 e correttezza nella piena tutela dei diritti del cliente, ed in particolare della sua riservatezza. I dati personali saranno trattati da Ikaros S.r.l. nel pieno rispetto delle disposizioni di Legge vigenti (D.Lgs. 196\/03 e s.m.i.) esclusivamente per scopi commerciali, relativi all\u2019espletamento dell\u2019attivit\u00e0 di Ikaros S.r.l. e per connessi scopi amministrativi e promozionali. Verranno pertanto conosciuti dai propri dipendenti e collaboratori. Non saranno diffusi ad altri soggetti terzi, estranei a tali scopi.<\/p>\n<p>Convalidando le condizioni generali di vendita, il cliente conferma di avere preso visione dell\u2019informativa sulla privacy pubblicata sul sito della societ\u00e0 (rif. url www.ikaros.it).<\/p>\n<h2>11.GIURISDIZIONE APPLICABILE, LEGGE APPLICABILE, FORO COMPETENTE<\/h2>\n<p>Il presente contratto \u00e8 sottoposto alla giurisdizione italiana in via esclusiva ed \u00e8 regolato dalla legge italiana. In caso di controversie di qualsiasi natura sar\u00e0 competente in via esclusiva ed inderogabile il foro di Rimini.<\/p>\n<\/div><\/div><\/div><\/div><\/div>\n","protected":false},"excerpt":{"rendered":"","protected":false},"author":2,"featured_media":0,"parent":0,"menu_order":38,"comment_status":"closed","ping_status":"closed","template":"","meta":{"footnotes":""},"acf":[],"yoast_head":"<!-- This site is optimized with the Yoast SEO plugin v21.0 - https:\/\/yoast.com\/wordpress\/plugins\/seo\/ -->\n<title>Condizioni di Vendita | IKAROS | \u039b\u03cd\u03c3\u03b5\u03b9\u03c2 \u03c0\u03c5\u03c1\u03cc\u03c3\u03b2\u03b5\u03c3\u03b7\u03c2 \u03ba\u03b1\u03b9 \u03c4\u03b5\u03c7\u03bd\u03b9\u03ba\u03ce\u03bd \u03b1\u03b5\u03c1\u03af\u03c9\u03bd<\/title>\n<meta name=\"description\" content=\"Condizioni di Vendita IKAROS | \u039b\u03cd\u03c3\u03b5\u03b9\u03c2 \u03c0\u03c5\u03c1\u03cc\u03c3\u03b2\u03b5\u03c3\u03b7\u03c2 \u03ba\u03b1\u03b9 \u03c4\u03b5\u03c7\u03bd\u03b9\u03ba\u03ce\u03bd \u03b1\u03b5\u03c1\u03af\u03c9\u03bd %\" \/>\n<meta name=\"robots\" content=\"noindex, nofollow\" \/>\n<meta property=\"og:locale\" content=\"el_GR\" \/>\n<meta property=\"og:type\" content=\"article\" \/>\n<meta property=\"og:title\" content=\"Condizioni di Vendita | IKAROS | \u039b\u03cd\u03c3\u03b5\u03b9\u03c2 \u03c0\u03c5\u03c1\u03cc\u03c3\u03b2\u03b5\u03c3\u03b7\u03c2 \u03ba\u03b1\u03b9 \u03c4\u03b5\u03c7\u03bd\u03b9\u03ba\u03ce\u03bd \u03b1\u03b5\u03c1\u03af\u03c9\u03bd\" \/>\n<meta property=\"og:description\" content=\"Condizioni di Vendita IKAROS | \u039b\u03cd\u03c3\u03b5\u03b9\u03c2 \u03c0\u03c5\u03c1\u03cc\u03c3\u03b2\u03b5\u03c3\u03b7\u03c2 \u03ba\u03b1\u03b9 \u03c4\u03b5\u03c7\u03bd\u03b9\u03ba\u03ce\u03bd \u03b1\u03b5\u03c1\u03af\u03c9\u03bd %\" \/>\n<meta property=\"og:url\" content=\"https:\/\/www.ikaros.it\/el\/condizioni-di-vendita\/\" \/>\n<meta property=\"og:site_name\" content=\"IKAROS | \u039b\u03cd\u03c3\u03b5\u03b9\u03c2 \u03c0\u03c5\u03c1\u03cc\u03c3\u03b2\u03b5\u03c3\u03b7\u03c2 \u03ba\u03b1\u03b9 \u03c4\u03b5\u03c7\u03bd\u03b9\u03ba\u03ce\u03bd \u03b1\u03b5\u03c1\u03af\u03c9\u03bd\" \/>\n<meta property=\"article:publisher\" content=\"https:\/\/www.facebook.com\/ikarossrl\" \/>\n<meta property=\"article:modified_time\" content=\"2023-07-24T13:38:07+00:00\" \/>\n<meta name=\"twitter:card\" content=\"summary_large_image\" \/>\n<meta name=\"twitter:label1\" content=\"\u0395\u03ba\u03c4\u03b9\u03bc\u03ce\u03bc\u03b5\u03bd\u03bf\u03c2 \u03c7\u03c1\u03cc\u03bd\u03bf\u03c2 \u03b1\u03bd\u03ac\u03b3\u03bd\u03c9\u03c3\u03b7\u03c2\" \/>\n\t<meta name=\"twitter:data1\" content=\"10 \u03bb\u03b5\u03c0\u03c4\u03ac\" \/>\n<script type=\"application\/ld+json\" class=\"yoast-schema-graph\">{\"@context\":\"https:\/\/schema.org\",\"@graph\":[{\"@type\":\"WebPage\",\"@id\":\"https:\/\/www.ikaros.it\/el\/condizioni-di-vendita\/\",\"url\":\"https:\/\/www.ikaros.it\/el\/condizioni-di-vendita\/\",\"name\":\"Condizioni di Vendita | IKAROS | \u039b\u03cd\u03c3\u03b5\u03b9\u03c2 \u03c0\u03c5\u03c1\u03cc\u03c3\u03b2\u03b5\u03c3\u03b7\u03c2 \u03ba\u03b1\u03b9 \u03c4\u03b5\u03c7\u03bd\u03b9\u03ba\u03ce\u03bd \u03b1\u03b5\u03c1\u03af\u03c9\u03bd\",\"isPartOf\":{\"@id\":\"https:\/\/www.ikaros.it\/el\/#website\"},\"datePublished\":\"2021-09-15T15:22:10+00:00\",\"dateModified\":\"2023-07-24T13:38:07+00:00\",\"description\":\"Condizioni di Vendita IKAROS | \u039b\u03cd\u03c3\u03b5\u03b9\u03c2 \u03c0\u03c5\u03c1\u03cc\u03c3\u03b2\u03b5\u03c3\u03b7\u03c2 \u03ba\u03b1\u03b9 \u03c4\u03b5\u03c7\u03bd\u03b9\u03ba\u03ce\u03bd \u03b1\u03b5\u03c1\u03af\u03c9\u03bd %\",\"breadcrumb\":{\"@id\":\"https:\/\/www.ikaros.it\/el\/condizioni-di-vendita\/#breadcrumb\"},\"inLanguage\":\"el\",\"potentialAction\":[{\"@type\":\"ReadAction\",\"target\":[\"https:\/\/www.ikaros.it\/el\/condizioni-di-vendita\/\"]}]},{\"@type\":\"BreadcrumbList\",\"@id\":\"https:\/\/www.ikaros.it\/el\/condizioni-di-vendita\/#breadcrumb\",\"itemListElement\":[{\"@type\":\"ListItem\",\"position\":1,\"name\":\"Home\",\"item\":\"https:\/\/www.ikaros.it\/el\/\"},{\"@type\":\"ListItem\",\"position\":2,\"name\":\"Condizioni di Vendita\"}]},{\"@type\":\"WebSite\",\"@id\":\"https:\/\/www.ikaros.it\/el\/#website\",\"url\":\"https:\/\/www.ikaros.it\/el\/\",\"name\":\"IKAROS | \u039b\u03cd\u03c3\u03b5\u03b9\u03c2 \u03c0\u03c5\u03c1\u03cc\u03c3\u03b2\u03b5\u03c3\u03b7\u03c2 \u03ba\u03b1\u03b9 \u03c4\u03b5\u03c7\u03bd\u03b9\u03ba\u03ce\u03bd \u03b1\u03b5\u03c1\u03af\u03c9\u03bd\",\"description\":\"\u03a0\u03ce\u03bb\u03b7\u03c3\u03b7 \u03ba\u03b1\u03b9 \u03b4\u03b9\u03b1\u03bd\u03bf\u03bc\u03ae \u03c6\u03b9\u03b1\u03bb\u03ce\u03bd, \u03c3\u03c5\u03c3\u03ba\u03b5\u03c5\u03b1\u03c3\u03b9\u03ce\u03bd \u03c6\u03b9\u03b1\u03bb\u03ce\u03bd \u03ba\u03b1\u03b9 \u03b5\u03be\u03b1\u03c1\u03c4\u03b7\u03bc\u03ac\u03c4\u03c9\u03bd \u03b3\u03b9\u03b1 \u03c4\u03b7\u03bd \u03b1\u03c0\u03bf\u03b8\u03ae\u03ba\u03b5\u03c5\u03c3\u03b7 \u03b2\u03b9\u03bf\u03bc\u03b7\u03c7\u03b1\u03bd\u03b9\u03ba\u03ce\u03bd, \u03c4\u03b5\u03c7\u03bd\u03b9\u03ba\u03ce\u03bd \u03ba\u03b1\u03b9 \u03c4\u03c1\u03bf\u03c6\u03b9\u03ba\u03ce\u03bd \u03b1\u03b5\u03c1\u03af\u03c9\u03bd.\",\"publisher\":{\"@id\":\"https:\/\/www.ikaros.it\/el\/#organization\"},\"potentialAction\":[{\"@type\":\"SearchAction\",\"target\":{\"@type\":\"EntryPoint\",\"urlTemplate\":\"https:\/\/www.ikaros.it\/el\/?s={search_term_string}\"},\"query-input\":\"required name=search_term_string\"}],\"inLanguage\":\"el\"},{\"@type\":\"Organization\",\"@id\":\"https:\/\/www.ikaros.it\/el\/#organization\",\"name\":\"IKAROS Firefighting and Technical Gas Solutions\",\"url\":\"https:\/\/www.ikaros.it\/el\/\",\"logo\":{\"@type\":\"ImageObject\",\"inLanguage\":\"el\",\"@id\":\"https:\/\/www.ikaros.it\/el\/#\/schema\/logo\/image\/\",\"url\":\"https:\/\/www.ikaros.it\/wp-content\/uploads\/2020\/12\/Ikaros-logo-superpiccolo.png\",\"contentUrl\":\"https:\/\/www.ikaros.it\/wp-content\/uploads\/2020\/12\/Ikaros-logo-superpiccolo.png\",\"width\":206,\"height\":50,\"caption\":\"IKAROS Firefighting and Technical Gas Solutions\"},\"image\":{\"@id\":\"https:\/\/www.ikaros.it\/el\/#\/schema\/logo\/image\/\"},\"sameAs\":[\"https:\/\/www.facebook.com\/ikarossrl\",\"https:\/\/www.linkedin.com\/company\/ikaros-srl\/\"]}]}<\/script>\n<!-- \/ Yoast SEO plugin. -->","yoast_head_json":{"title":"Condizioni di Vendita | IKAROS | \u039b\u03cd\u03c3\u03b5\u03b9\u03c2 \u03c0\u03c5\u03c1\u03cc\u03c3\u03b2\u03b5\u03c3\u03b7\u03c2 \u03ba\u03b1\u03b9 \u03c4\u03b5\u03c7\u03bd\u03b9\u03ba\u03ce\u03bd \u03b1\u03b5\u03c1\u03af\u03c9\u03bd","description":"Condizioni di Vendita IKAROS | \u039b\u03cd\u03c3\u03b5\u03b9\u03c2 \u03c0\u03c5\u03c1\u03cc\u03c3\u03b2\u03b5\u03c3\u03b7\u03c2 \u03ba\u03b1\u03b9 \u03c4\u03b5\u03c7\u03bd\u03b9\u03ba\u03ce\u03bd \u03b1\u03b5\u03c1\u03af\u03c9\u03bd %","robots":{"index":"noindex","follow":"nofollow"},"og_locale":"el_GR","og_type":"article","og_title":"Condizioni di Vendita | IKAROS | \u039b\u03cd\u03c3\u03b5\u03b9\u03c2 \u03c0\u03c5\u03c1\u03cc\u03c3\u03b2\u03b5\u03c3\u03b7\u03c2 \u03ba\u03b1\u03b9 \u03c4\u03b5\u03c7\u03bd\u03b9\u03ba\u03ce\u03bd \u03b1\u03b5\u03c1\u03af\u03c9\u03bd","og_description":"Condizioni di Vendita IKAROS | \u039b\u03cd\u03c3\u03b5\u03b9\u03c2 \u03c0\u03c5\u03c1\u03cc\u03c3\u03b2\u03b5\u03c3\u03b7\u03c2 \u03ba\u03b1\u03b9 \u03c4\u03b5\u03c7\u03bd\u03b9\u03ba\u03ce\u03bd \u03b1\u03b5\u03c1\u03af\u03c9\u03bd %","og_url":"https:\/\/www.ikaros.it\/el\/condizioni-di-vendita\/","og_site_name":"IKAROS | \u039b\u03cd\u03c3\u03b5\u03b9\u03c2 \u03c0\u03c5\u03c1\u03cc\u03c3\u03b2\u03b5\u03c3\u03b7\u03c2 \u03ba\u03b1\u03b9 \u03c4\u03b5\u03c7\u03bd\u03b9\u03ba\u03ce\u03bd \u03b1\u03b5\u03c1\u03af\u03c9\u03bd","article_publisher":"https:\/\/www.facebook.com\/ikarossrl","article_modified_time":"2023-07-24T13:38:07+00:00","twitter_card":"summary_large_image","twitter_misc":{"\u0395\u03ba\u03c4\u03b9\u03bc\u03ce\u03bc\u03b5\u03bd\u03bf\u03c2 \u03c7\u03c1\u03cc\u03bd\u03bf\u03c2 \u03b1\u03bd\u03ac\u03b3\u03bd\u03c9\u03c3\u03b7\u03c2":"10 \u03bb\u03b5\u03c0\u03c4\u03ac"},"schema":{"@context":"https:\/\/schema.org","@graph":[{"@type":"WebPage","@id":"https:\/\/www.ikaros.it\/el\/condizioni-di-vendita\/","url":"https:\/\/www.ikaros.it\/el\/condizioni-di-vendita\/","name":"Condizioni di Vendita | IKAROS | \u039b\u03cd\u03c3\u03b5\u03b9\u03c2 \u03c0\u03c5\u03c1\u03cc\u03c3\u03b2\u03b5\u03c3\u03b7\u03c2 \u03ba\u03b1\u03b9 \u03c4\u03b5\u03c7\u03bd\u03b9\u03ba\u03ce\u03bd \u03b1\u03b5\u03c1\u03af\u03c9\u03bd","isPartOf":{"@id":"https:\/\/www.ikaros.it\/el\/#website"},"datePublished":"2021-09-15T15:22:10+00:00","dateModified":"2023-07-24T13:38:07+00:00","description":"Condizioni di Vendita IKAROS | \u039b\u03cd\u03c3\u03b5\u03b9\u03c2 \u03c0\u03c5\u03c1\u03cc\u03c3\u03b2\u03b5\u03c3\u03b7\u03c2 \u03ba\u03b1\u03b9 \u03c4\u03b5\u03c7\u03bd\u03b9\u03ba\u03ce\u03bd \u03b1\u03b5\u03c1\u03af\u03c9\u03bd %","breadcrumb":{"@id":"https:\/\/www.ikaros.it\/el\/condizioni-di-vendita\/#breadcrumb"},"inLanguage":"el","potentialAction":[{"@type":"ReadAction","target":["https:\/\/www.ikaros.it\/el\/condizioni-di-vendita\/"]}]},{"@type":"BreadcrumbList","@id":"https:\/\/www.ikaros.it\/el\/condizioni-di-vendita\/#breadcrumb","itemListElement":[{"@type":"ListItem","position":1,"name":"Home","item":"https:\/\/www.ikaros.it\/el\/"},{"@type":"ListItem","position":2,"name":"Condizioni di Vendita"}]},{"@type":"WebSite","@id":"https:\/\/www.ikaros.it\/el\/#website","url":"https:\/\/www.ikaros.it\/el\/","name":"IKAROS | \u039b\u03cd\u03c3\u03b5\u03b9\u03c2 \u03c0\u03c5\u03c1\u03cc\u03c3\u03b2\u03b5\u03c3\u03b7\u03c2 \u03ba\u03b1\u03b9 \u03c4\u03b5\u03c7\u03bd\u03b9\u03ba\u03ce\u03bd \u03b1\u03b5\u03c1\u03af\u03c9\u03bd","description":"\u03a0\u03ce\u03bb\u03b7\u03c3\u03b7 \u03ba\u03b1\u03b9 \u03b4\u03b9\u03b1\u03bd\u03bf\u03bc\u03ae \u03c6\u03b9\u03b1\u03bb\u03ce\u03bd, \u03c3\u03c5\u03c3\u03ba\u03b5\u03c5\u03b1\u03c3\u03b9\u03ce\u03bd \u03c6\u03b9\u03b1\u03bb\u03ce\u03bd \u03ba\u03b1\u03b9 \u03b5\u03be\u03b1\u03c1\u03c4\u03b7\u03bc\u03ac\u03c4\u03c9\u03bd \u03b3\u03b9\u03b1 \u03c4\u03b7\u03bd \u03b1\u03c0\u03bf\u03b8\u03ae\u03ba\u03b5\u03c5\u03c3\u03b7 \u03b2\u03b9\u03bf\u03bc\u03b7\u03c7\u03b1\u03bd\u03b9\u03ba\u03ce\u03bd, \u03c4\u03b5\u03c7\u03bd\u03b9\u03ba\u03ce\u03bd \u03ba\u03b1\u03b9 \u03c4\u03c1\u03bf\u03c6\u03b9\u03ba\u03ce\u03bd \u03b1\u03b5\u03c1\u03af\u03c9\u03bd.","publisher":{"@id":"https:\/\/www.ikaros.it\/el\/#organization"},"potentialAction":[{"@type":"SearchAction","target":{"@type":"EntryPoint","urlTemplate":"https:\/\/www.ikaros.it\/el\/?s={search_term_string}"},"query-input":"required name=search_term_string"}],"inLanguage":"el"},{"@type":"Organization","@id":"https:\/\/www.ikaros.it\/el\/#organization","name":"IKAROS Firefighting and Technical Gas Solutions","url":"https:\/\/www.ikaros.it\/el\/","logo":{"@type":"ImageObject","inLanguage":"el","@id":"https:\/\/www.ikaros.it\/el\/#\/schema\/logo\/image\/","url":"https:\/\/www.ikaros.it\/wp-content\/uploads\/2020\/12\/Ikaros-logo-superpiccolo.png","contentUrl":"https:\/\/www.ikaros.it\/wp-content\/uploads\/2020\/12\/Ikaros-logo-superpiccolo.png","width":206,"height":50,"caption":"IKAROS Firefighting and Technical Gas Solutions"},"image":{"@id":"https:\/\/www.ikaros.it\/el\/#\/schema\/logo\/image\/"},"sameAs":["https:\/\/www.facebook.com\/ikarossrl","https:\/\/www.linkedin.com\/company\/ikaros-srl\/"]}]}},"_links":{"self":[{"href":"https:\/\/www.ikaros.it\/el\/wp-json\/wp\/v2\/pages\/8595"}],"collection":[{"href":"https:\/\/www.ikaros.it\/el\/wp-json\/wp\/v2\/pages"}],"about":[{"href":"https:\/\/www.ikaros.it\/el\/wp-json\/wp\/v2\/types\/page"}],"author":[{"embeddable":true,"href":"https:\/\/www.ikaros.it\/el\/wp-json\/wp\/v2\/users\/2"}],"replies":[{"embeddable":true,"href":"https:\/\/www.ikaros.it\/el\/wp-json\/wp\/v2\/comments?post=8595"}],"version-history":[{"count":2,"href":"https:\/\/www.ikaros.it\/el\/wp-json\/wp\/v2\/pages\/8595\/revisions"}],"predecessor-version":[{"id":8944,"href":"https:\/\/www.ikaros.it\/el\/wp-json\/wp\/v2\/pages\/8595\/revisions\/8944"}],"wp:attachment":[{"href":"https:\/\/www.ikaros.it\/el\/wp-json\/wp\/v2\/media?parent=8595"}],"curies":[{"name":"wp","href":"https:\/\/api.w.org\/{rel}","templated":true}]}}